{"id":39,"date":"2022-11-27T11:30:54","date_gmt":"2022-11-27T04:30:54","guid":{"rendered":"http:\/\/noithat30.maugiaodien.com\/?page_id=39"},"modified":"2022-12-06T03:11:38","modified_gmt":"2022-12-05T20:11:38","slug":"lien-he","status":"publish","type":"page","link":"https:\/\/c3-home.com\/?page_id=39","title":{"rendered":"Li\u00ean h\u1ec7"},"content":{"rendered":"\t<div class=\"img has-hover banner-overlay x md-x lg-x y md-y lg-y\" id=\"image_146522030\">\n\t\t\t\t\t\t\t\t<div class=\"img-inner image-cover dark\" style=\"padding-top:20%;\">\n\t\t\t<img loading=\"lazy\" decoding=\"async\" width=\"1920\" height=\"1392\" src=\"https:\/\/c3-home.com\/wp-content\/uploads\/2022\/11\/thiet-ke-can-ho-Hawai-q2-TPHCM-6.jpg\" class=\"attachment-original size-original\" alt=\"\" srcset=\"https:\/\/c3-home.com\/wp-content\/uploads\/2022\/11\/thiet-ke-can-ho-Hawai-q2-TPHCM-6.jpg 1920w, https:\/\/c3-home.com\/wp-content\/uploads\/2022\/11\/thiet-ke-can-ho-Hawai-q2-TPHCM-6-300x218.jpg 300w, https:\/\/c3-home.com\/wp-content\/uploads\/2022\/11\/thiet-ke-can-ho-Hawai-q2-TPHCM-6-1024x742.jpg 1024w, https:\/\/c3-home.com\/wp-content\/uploads\/2022\/11\/thiet-ke-can-ho-Hawai-q2-TPHCM-6-768x557.jpg 768w, https:\/\/c3-home.com\/wp-content\/uploads\/2022\/11\/thiet-ke-can-ho-Hawai-q2-TPHCM-6-1536x1114.jpg 1536w\" sizes=\"auto, (max-width: 1920px) 100vw, 1920px\" \/>\t\t\t\t\t\t\t<div class=\"overlay\" style=\"background-color: rgba(0, 0, 0, 0)\"><\/div>\n\t\t\t\t\t\t\n\t\t\t\t\t<\/div>\n\t\t\t\t\t\t\t\t\n<style>\n#image_146522030 {\n  width: 100%;\n}\n<\/style>\n\t<\/div>\n\t\n\n\t<section class=\"section lien-he-1\" id=\"section_2015183640\">\n\t\t<div class=\"section-bg fill\" >\n\t\t\t\t\t\t\t\t\t\n\t\t\t\n\n\t\t<\/div>\n\n\t\t\n\n\t\t<div class=\"section-content relative\">\n\t\t\t\n<div class=\"row row-large\"  id=\"row-3425564\">\n\n\t<div id=\"col-1932867315\" class=\"col medium-6 small-12 large-6\"  >\n\t\t\t\t<div class=\"col-inner\"  >\n\t\t\t\n\t\t\t\n\n<div class=\"wpcf7 no-js\" id=\"wpcf7-f738-o1\" lang=\"vi\" dir=\"ltr\" data-wpcf7-id=\"738\">\n<div class=\"screen-reader-response\"><p role=\"status\" aria-live=\"polite\" aria-atomic=\"true\"><\/p> <ul><\/ul><\/div>\n<form action=\"\/index.php?rest_route=%2Fwp%2Fv2%2Fpages%2F39#wpcf7-f738-o1\" method=\"post\" class=\"wpcf7-form init\" aria-label=\"Form li\u00ean h\u1ec7\" novalidate=\"novalidate\" data-status=\"init\">\n<div style=\"display: none;\">\n<input type=\"hidden\" name=\"_wpcf7\" value=\"738\" \/>\n<input type=\"hidden\" name=\"_wpcf7_version\" value=\"6.0.6\" \/>\n<input type=\"hidden\" name=\"_wpcf7_locale\" value=\"vi\" \/>\n<input type=\"hidden\" name=\"_wpcf7_unit_tag\" value=\"wpcf7-f738-o1\" \/>\n<input type=\"hidden\" name=\"_wpcf7_container_post\" value=\"0\" \/>\n<input type=\"hidden\" name=\"_wpcf7_posted_data_hash\" value=\"\" \/>\n<\/div>\n<div class=\"form-lien-he2\">\n\t<h3>Th\u00f4ng tin li\u00ean h\u1ec7\n\t<\/h3>\n\t<p><span class=\"wpcf7-form-control-wrap\" data-name=\"text-225\"><input size=\"40\" maxlength=\"400\" class=\"wpcf7-form-control wpcf7-text wpcf7-validates-as-required\" aria-required=\"true\" aria-invalid=\"false\" placeholder=\"H\u1ecd v\u00e0 t\u00ean...\" value=\"\" type=\"text\" name=\"text-225\" \/><\/span><br \/>\n<span class=\"wpcf7-form-control-wrap\" data-name=\"tel-841\"><input size=\"40\" maxlength=\"400\" class=\"wpcf7-form-control wpcf7-tel wpcf7-validates-as-required wpcf7-text wpcf7-validates-as-tel\" aria-required=\"true\" aria-invalid=\"false\" placeholder=\"S\u1ed1 \u0111i\u1ec7n tho\u1ea1i\" value=\"\" type=\"tel\" name=\"tel-841\" \/><\/span><br \/>\n<span class=\"wpcf7-form-control-wrap\" data-name=\"email-326\"><input size=\"40\" maxlength=\"400\" class=\"wpcf7-form-control wpcf7-email wpcf7-text wpcf7-validates-as-email\" aria-invalid=\"false\" placeholder=\"\u0110\u1ecba ch\u1ec9 email...\" value=\"\" type=\"email\" name=\"email-326\" \/><\/span>\n\t<\/p>\n\t<h3>Th\u00f4ng tin d\u1ef1 \u00e1n\n\t<\/h3>\n\t<p><label>T\u00ean \u0111\u1ecba ch\u1ec9, d\u1ef1 \u00e1n<\/label><br \/>\n<span class=\"wpcf7-form-control-wrap\" data-name=\"text-226\"><input size=\"40\" maxlength=\"400\" class=\"wpcf7-form-control wpcf7-text wpcf7-validates-as-required\" aria-required=\"true\" aria-invalid=\"false\" placeholder=\"Nh\u1eadp t\u00ean c\u0103n h\u1ed9, d\u1ef1 \u00e1n...\" value=\"\" type=\"text\" name=\"text-226\" \/><\/span><br \/>\n<label>Lo\u1ea1i d\u1ef1 \u00e1n<\/label><br \/>\n<span class=\"wpcf7-form-control-wrap\" data-name=\"checkbox-15\"><span class=\"wpcf7-form-control wpcf7-checkbox wpcf7-validates-as-required\"><span class=\"wpcf7-list-item first\"><label><input type=\"checkbox\" name=\"checkbox-15[]\" value=\"C\u0103n h\u1ed9 chung c\u01b0\" \/><span class=\"wpcf7-list-item-label\">C\u0103n h\u1ed9 chung c\u01b0<\/span><\/label><\/span><span class=\"wpcf7-list-item\"><label><input type=\"checkbox\" name=\"checkbox-15[]\" value=\"Bi\u1ec7t th\u1ef1\" \/><span class=\"wpcf7-list-item-label\">Bi\u1ec7t th\u1ef1<\/span><\/label><\/span><span class=\"wpcf7-list-item last\"><label><input type=\"checkbox\" name=\"checkbox-15[]\" value=\"Nh\u00e0 ph\u1ed1\" \/><span class=\"wpcf7-list-item-label\">Nh\u00e0 ph\u1ed1<\/span><\/label><\/span><\/span><\/span><br \/>\n<label>D\u1ecbch v\u1ee5 y\u00eau c\u1ea7u<\/label><br \/>\n<span class=\"wpcf7-form-control-wrap\" data-name=\"checkbox-16\"><span class=\"wpcf7-form-control wpcf7-checkbox wpcf7-validates-as-required\"><span class=\"wpcf7-list-item first\"><label><input type=\"checkbox\" name=\"checkbox-16[]\" value=\"Thi\u1ebft k\u1ebf n\u1ed9i th\u1ea5t\" \/><span class=\"wpcf7-list-item-label\">Thi\u1ebft k\u1ebf n\u1ed9i th\u1ea5t<\/span><\/label><\/span><span class=\"wpcf7-list-item\"><label><input type=\"checkbox\" name=\"checkbox-16[]\" value=\"Thi c\u00f4ng n\u1ed9i th\u1ea5t\" \/><span class=\"wpcf7-list-item-label\">Thi c\u00f4ng n\u1ed9i th\u1ea5t<\/span><\/label><\/span><span class=\"wpcf7-list-item last\"><label><input type=\"checkbox\" name=\"checkbox-16[]\" value=\"C\u1ea3 2 d\u1ecbch v\u1ee5\" \/><span class=\"wpcf7-list-item-label\">C\u1ea3 2 d\u1ecbch v\u1ee5<\/span><\/label><\/span><\/span><\/span><br \/>\n<label>Ghi ch\u00fa th\u00eam<\/label><br \/>\n<span class=\"wpcf7-form-control-wrap\" data-name=\"textarea-432\"><textarea cols=\"40\" rows=\"10\" maxlength=\"2000\" class=\"wpcf7-form-control wpcf7-textarea\" aria-invalid=\"false\" placeholder=\"Y\u00eau c\u1ea7u th\u00eam\" name=\"textarea-432\"><\/textarea><\/span><br \/>\n<input class=\"wpcf7-form-control wpcf7-submit has-spinner\" type=\"submit\" value=\"G\u1eedi y\u00eau c\u1ea7u\" \/>\n\t<\/p>\n<\/div><div class=\"wpcf7-response-output\" aria-hidden=\"true\"><\/div>\n<\/form>\n<\/div>\n\n\t\t<\/div>\n\t\t\t\t\t<\/div>\n\n\t\n\n\t<div id=\"col-1334594382\" class=\"col medium-6 small-12 large-6\"  >\n\t\t\t\t<div class=\"col-inner\"  >\n\t\t\t\n\t\t\t\n<h2>TH\u00d4NG TIN LI\u00caN H\u1ec6<\/h2>\n<p><span style=\"font-size: 110%;\">B\u1eb1ng kh\u00e1t v\u1ecdng, n\u1ed7 l\u1ef1c kh\u00f4ng ng\u1eebng, NaDu t\u1ef1 h\u00e0o \u0111\u00e3 v\u00e0 \u0111ang t\u1ea1o d\u1ef1ng \u0111\u01b0\u1ee3c ni\u1ec1m tin v\u1edbi Qu\u00fd \u0110\u1ed1i t\u00e1c, Qu\u00fd Kh\u00e1ch h\u00e0ng qua D\u1ecbch v\u1ee5 thi\u1ebft k\u1ebf thi c\u00f4ng n\u1ed9i th\u1ea5t uy t\u00edn, ch\u1ea5t l\u01b0\u1ee3ng, t\u00f4n vinh b\u1ea3n s\u1eafc &#8220;c\u00e1 nh\u00e2n&#8221; \u0111\u1ed9c \u0111\u00e1o.<\/span><\/p>\n<p><span style=\"font-size: 110%;\">S\u1ef1 h\u00e0i l\u00f2ng c\u1ee7a Qu\u00fd Kh\u00e1ch h\u00e0ng ch\u00ednh l\u00e0 th\u00e0nh c\u00f4ng c\u1ee7a th\u01b0\u01a1ng hi\u1ec7u NaDu.<\/span><\/p>\n<p><span style=\"font-size: 110%;\">Tr\u1ee5 s\u1edf v\u0103n ph\u00f2ng: S\u1ed1 E39, L\u00f4 A140, K\u0110T B\u1eafc Trung Y\u00ean, C\u1ea7u Gi\u1ea5y<\/span><br \/><span style=\"font-size: 110%;\">Th\u1eddi gian l\u00e0m vi\u1ec7c: 8h &#8211; 17h30 k\u1ec3 c\u1ea3 th\u1ee9 7.<\/span><\/p>\n\n<p><iframe src=\"https:\/\/www.google.com\/maps\/embed?pb=!1m18!1m12!1m3!1d3723.504201862068!2d105.73829341533242!3d21.05251519234191!2m3!1f0!2f0!3f0!3m2!1i1024!2i768!4f13.1!3m3!1m2!1s0x0%3A0x1946507c6c7f7251!2zMjHCsDAzJzA5LjAiTiAxMDXCsDQ0JzI1LjciRQ!5e0!3m2!1svi!2s!4v1670271080100!5m2!1svi!2s\" width=\"100%\" height=\"450\" style=\"border:0;\" allowfullscreen=\"\" loading=\"lazy\" referrerpolicy=\"no-referrer-when-downgrade\"><\/iframe><br \/>\n\n\t\t<\/div>\n\t\t\t\t\t<\/div>\n\n\t\n<\/div>\n\t\t<\/div>\n\n\t\t\n<style>\n#section_2015183640 {\n  padding-top: 50px;\n  padding-bottom: 50px;\n}\n<\/style>\n\t<\/section>\n\t\n","protected":false},"excerpt":{"rendered":"","protected":false},"author":1,"featured_media":0,"parent":0,"menu_order":0,"comment_status":"closed","ping_status":"closed","template":"page-blank.php","meta":{"inline_featured_image":false,"footnotes":""},"class_list":["post-39","page","type-page","status-publish","hentry"],"_links":{"self":[{"href":"https:\/\/c3-home.com\/index.php?rest_route=\/wp\/v2\/pages\/39","targetHints":{"allow":["GET"]}}],"collection":[{"href":"https:\/\/c3-home.com\/index.php?rest_route=\/wp\/v2\/pages"}],"about":[{"href":"https:\/\/c3-home.com\/index.php?rest_route=\/wp\/v2\/types\/page"}],"author":[{"embeddable":true,"href":"https:\/\/c3-home.com\/index.php?rest_route=\/wp\/v2\/users\/1"}],"replies":[{"embeddable":true,"href":"https:\/\/c3-home.com\/index.php?rest_route=%2Fwp%2Fv2%2Fcomments&post=39"}],"version-history":[{"count":1,"href":"https:\/\/c3-home.com\/index.php?rest_route=\/wp\/v2\/pages\/39\/revisions"}],"predecessor-version":[{"id":976,"href":"https:\/\/c3-home.com\/index.php?rest_route=\/wp\/v2\/pages\/39\/revisions\/976"}],"wp:attachment":[{"href":"https:\/\/c3-home.com\/index.php?rest_route=%2Fwp%2Fv2%2Fmedia&parent=39"}],"curies":[{"name":"wp","href":"https:\/\/api.w.org\/{rel}","templated":true}]}}