{"id":28,"date":"2022-11-27T11:26:27","date_gmt":"2022-11-27T04:26:27","guid":{"rendered":"http:\/\/noithat30.maugiaodien.com\/?page_id=28"},"modified":"2025-04-25T22:24:51","modified_gmt":"2025-04-25T15:24:51","slug":"gioi-thieu","status":"publish","type":"page","link":"https:\/\/c3-home.com\/?page_id=28","title":{"rendered":"Gi\u1edbi thi\u1ec7u"},"content":{"rendered":"\n\t<section class=\"section banner-top dark\" id=\"section_2132269512\">\n\t\t<div class=\"section-bg fill\" >\n\t\t\t<img loading=\"lazy\" decoding=\"async\" width=\"1900\" height=\"1069\" src=\"https:\/\/c3-home.com\/wp-content\/uploads\/2024\/09\/SLIDE-HOME1-1.jpg\" class=\"bg attachment-original size-original\" alt=\"\" \/>\t\t\t\t\t\t<div class=\"section-bg-overlay absolute fill\"><\/div>\n\t\t\t\n\n\t\t<\/div>\n\n\t\t\n\n\t\t<div class=\"section-content relative\">\n\t\t\t\n<div class=\"row\"  id=\"row-1873486363\">\n\n\t<div id=\"col-1593415850\" class=\"col small-12 large-12\"  >\n\t\t\t\t<div class=\"col-inner\"  >\n\t\t\t\n\t\t\t\n<h1 style=\"text-align: center;\"><span style=\"font-size: 140%;\">V\u1ec0 CH\u00daNG T\u00d4I<\/span><\/h1>\n\t\t<\/div>\n\t\t\t\t\t<\/div>\n\n\t\n<\/div>\n\t\t<\/div>\n\n\t\t\n<style>\n#section_2132269512 {\n  padding-top: 100px;\n  padding-bottom: 100px;\n}\n#section_2132269512 .section-bg-overlay {\n  background-color: rgba(0, 0, 0, 0.61);\n}\n#section_2132269512 .section-bg img {\n  object-position: 63% 44%;\n}\n<\/style>\n\t<\/section>\n\t\n\n\t<section class=\"section gioi-thieu-1\" id=\"section_1799064263\">\n\t\t<div class=\"section-bg fill\" >\n\t\t\t\t\t\t\t\t\t\n\t\t\t\n\n\t\t<\/div>\n\n\t\t\n\n\t\t<div class=\"section-content relative\">\n\t\t\t\n<div class=\"row align-middle\" style=\"max-width:1110px\" id=\"row-1961149042\">\n\n\t<div id=\"col-2110260112\" class=\"col medium-6 small-12 large-6\"  >\n\t\t\t\t<div class=\"col-inner\"  >\n\t\t\t\n\t\t\t\n\t<div class=\"img has-hover x md-x lg-x y md-y lg-y\" id=\"image_1756885377\">\n\t\t\t\t\t\t\t\t<div class=\"img-inner dark\" >\n\t\t\t<img loading=\"lazy\" decoding=\"async\" width=\"539\" height=\"630\" src=\"https:\/\/c3-home.com\/wp-content\/uploads\/2025\/04\/screenshot_1745581728.png\" class=\"attachment-original size-original\" alt=\"\" srcset=\"https:\/\/c3-home.com\/wp-content\/uploads\/2025\/04\/screenshot_1745581728.png 539w, https:\/\/c3-home.com\/wp-content\/uploads\/2025\/04\/screenshot_1745581728-257x300.png 257w\" sizes=\"auto, (max-width: 539px) 100vw, 539px\" \/>\t\t\t\t\t\t\n\t\t\t\t\t<\/div>\n\t\t\t\t\t\t\t\t\n<style>\n#image_1756885377 {\n  width: 100%;\n}\n<\/style>\n\t<\/div>\n\t\n\t<div class=\"img has-hover img01 x md-x lg-x y md-y lg-y\" id=\"image_617670601\">\n\t\t\t\t\t\t\t\t<div class=\"img-inner dark\" >\n\t\t\t<img loading=\"lazy\" decoding=\"async\" width=\"562\" height=\"550\" src=\"https:\/\/c3-home.com\/wp-content\/uploads\/2022\/11\/nadu-desing-1-1-20211112084959.png\" class=\"attachment-original size-original\" alt=\"\" srcset=\"https:\/\/c3-home.com\/wp-content\/uploads\/2022\/11\/nadu-desing-1-1-20211112084959.png 562w, https:\/\/c3-home.com\/wp-content\/uploads\/2022\/11\/nadu-desing-1-1-20211112084959-300x294.png 300w\" sizes=\"auto, (max-width: 562px) 100vw, 562px\" \/>\t\t\t\t\t\t\n\t\t\t\t\t<\/div>\n\t\t\t\t\t\t\t\t\n<style>\n#image_617670601 {\n  width: 100%;\n}\n<\/style>\n\t<\/div>\n\t\n\t\t<\/div>\n\t\t\t\t\t<\/div>\n\n\t\n\n\t<div id=\"col-861531072\" class=\"col medium-6 small-12 large-6\"  >\n\t\t\t\t<div class=\"col-inner\"  >\n\t\t\t\n\t\t\t\n<p>SBS HOUSE b\u1eaft \u0111\u1ea7u ho\u1ea1t \u0111\u1ed9ng t\u1eeb n\u0103m 2012 d\u01b0\u1edbi h\u00ecnh th\u1ee9c m\u1ed9t team thi\u1ebft k\u1ebf nh\u1ecf, kh\u1edfi \u0111\u1ea7u b\u1eb1ng t\u00ecnh y\u00eau ngh\u1ec1 c\u0169ng nh\u01b0 tr\u00e1ch nhi\u1ec7m \u0111\u1ed1i v\u1edbi ng\u01b0\u1eddi th\u00e2n v\u00e0 gia \u0111\u00ecnh c\u1ee7a \u0111\u1ed9i ng\u0169 Founders.<\/p>\n<p>N\u0103m 2018, ch\u00fang t\u00f4i th\u00e0nh c\u00f4ng trong vi\u1ec7c ti\u00ean phong \u0111\u01b0a c\u00e2y xanh v\u00e0o nh\u00e0 ph\u1ed1 \u1ed1ng t\u1ea1i \u0110\u00e0 N\u1eb5ng. S\u1ea3n ph\u1ea9m c\u1ee7a SBS HOUSE \u0111\u01b0\u1ee3c nhi\u1ec1u ng\u01b0\u1eddi quan t\u00e2m v\u00e0 y\u00eau th\u00edch, \u0111\u00f3 c\u0169ng l\u00e0 c\u1ed9t m\u1ed1c \u0111\u1ec3 ch\u00fang t\u00f4i \u0111\u1ecbnh h\u00ecnh l\u1ea1i s\u1ea3n ph\u1ea9m v\u00e0 ph\u00e2n kh\u00fac ch\u00ednh c\u1ee7a m\u00ecnh. T\u1eeb \u0111\u00f3, ch\u00fang t\u00f4i b\u1eaft \u0111\u1ea7u tr\u0103n tr\u1edf v\u1ec1 nh\u00e0 ph\u1ed1, v\u1ec1 vi\u1ec7c l\u00e0m th\u1ebf n\u00e0o \u0111\u1ec3 c\u00f3 nh\u1eefng gi\u1ea3i ph\u00e1p mang \u00e1nh s\u00e1ng, thi\u00ean nhi\u00ean v\u00e0 s\u1ef1 th\u00f4ng tho\u00e1ng \u0111\u1ebfn cho ng\u00f4i nh\u00e0. C\u0169ng trong n\u0103m 2018, C\u00f4ng ty TNHH Thi\u1ebft k\u1ebf v\u00e0 X\u00e2y d\u1ef1ng SBS ch\u00ednh th\u1ee9c \u0111\u01b0\u1ee3c th\u00e0nh l\u1eadp v\u00e0 \u0111\u01b0\u1ee3c bi\u1ebft \u0111\u1ebfn nh\u01b0 m\u1ed9t \u0111\u01a1n v\u1ecb thi\u1ebft k\u1ebf \u2013 thi c\u00f4ng nh\u00e0 ph\u1ed1 mang phong c\u00e1ch hi\u1ec7n \u0111\u1ea1i k\u1ebft h\u1ee3p t\u1ed1i gi\u1ea3n, \u0111\u00e1p \u1ee9ng nhu c\u1ea7u c\u00f3 m\u1ed9t t\u1ed5 \u1ea5m ti\u1ec7n nghi v\u00e0 l\u00fd t\u01b0\u1edfng c\u1ee7a kh\u00e1ch h\u00e0ng. \u0110\u1ed9i ng\u0169 SBS HOUSE khao kh\u00e1t mang l\u1ea1i nh\u1eefng gi\u1ea3i ph\u00e1p ki\u1ebfn tr\u00fac hi\u1ec7n \u0111\u1ea1i v\u00e0 b\u1ec1n v\u1eefng cho ng\u00f4i nh\u00e0 Vi\u1ec7t tr\u00ean to\u00e0n \u0111\u1ea5t n\u01b0\u1edbc.\u00a0<\/p>\n\t\t<\/div>\n\t\t\t\t\t<\/div>\n\n\t\n\n\t<div id=\"col-196033333\" class=\"col medium-7 small-12 large-7\"  >\n\t\t\t\t<div class=\"col-inner\"  >\n\t\t\t\n\t\t\t\n<p>N\u0103m 2020, d\u1ecbch b\u1ec7nh COVID xu\u1ea5t hi\u1ec7n v\u00e0 k\u00e9o theo nhi\u1ec1u h\u1ec7 l\u1ee5y kh\u00e1c cho to\u00e0n x\u00e3 h\u1ed9i. Nh\u00ecn nh\u1eefng \u0111o\u00e0n ng\u01b0\u1eddi lao \u0111\u1ed9ng t\u1eeb mi\u1ec1n Nam l\u0169 l\u01b0\u1ee3t k\u00e9o nhau v\u1ec1 gi\u1eefa t\u00e2m \u0111i\u1ec3m d\u1ecbch b\u1ec7nh, ch\u00fang t\u00f4i \u0111\u00e3 \u0111\u1eb7t ra c\u00e2u h\u1ecfi: T\u1ea1i sao ng\u01b0\u1eddi mi\u1ec1n Trung l\u1ea1i ph\u1ea3i v\u1ea5t v\u1ea3 \u0111i l\u00e0m \u0103n xa nhi\u1ec1u nh\u01b0 th\u1ebf? Ph\u1ea3i l\u00e0m g\u00ec \u0111\u1ec3 gi\u1ea3i quy\u1ebft ph\u1ea7n n\u00e0o nhu c\u1ea7u lao \u0111\u1ed9ng cho ng\u01b0\u1eddi d\u00e2n \u0111\u1ecba ph\u01b0\u01a1ng? T\u1eeb tr\u0103n tr\u1edf \u0111\u00f3, SBS HOUSE \u0111\u1eb7t th\u00eam m\u1ed9t s\u1ee9 m\u1ec7nh m\u1edbi l\u00ean m\u00ecnh, \u0111\u00f3 l\u00e0 t\u1ea1o m\u00f4i tr\u01b0\u1eddng l\u00e0m vi\u1ec7c l\u1edbn \u0111\u1ec3 gi\u00fap nhi\u1ec1u ng\u01b0\u1eddi d\u00e2n \u0111\u1ecba ph\u01b0\u01a1ng c\u00f3 vi\u1ec7c l\u00e0m t\u1ea1i qu\u00ea nh\u00e0. T\u1ea5t c\u1ea3 m\u1ecdi ng\u01b0\u1eddi trong c\u1ed9ng \u0111\u1ed3ng SBS s\u1ebd c\u00f3 m\u1ed9t c\u00f4ng vi\u1ec7c ph\u00f9 h\u1ee3p, m\u1ed9t m\u00f4i tr\u01b0\u1eddng ph\u00e1t tri\u1ec3n ngay t\u1ea1i qu\u00ea h\u01b0\u01a1ng m\u00ecnh, t\u1eeb \u0111\u00f3 c\u00f3 m\u1ed9t cu\u1ed9c s\u1ed1ng \u0111\u1ee7 \u0111\u1ea7y v\u00e0 h\u1ea1nh ph\u00fac.\u00a0<\/p>\n\t\t<\/div>\n\t\t\t\t\t<\/div>\n\n\t\n\n\t<div id=\"col-697868002\" class=\"col medium-5 small-12 large-5\"  >\n\t\t\t\t<div class=\"col-inner\"  >\n\t\t\t\n\t\t\t\n\t<div class=\"img has-hover x md-x lg-x y md-y lg-y\" id=\"image_1045187353\">\n\t\t\t\t\t\t\t\t<div class=\"img-inner image-cover dark\" style=\"padding-top:100%;\">\n\t\t\t<img loading=\"lazy\" decoding=\"async\" width=\"1900\" height=\"1069\" src=\"https:\/\/c3-home.com\/wp-content\/uploads\/2024\/09\/SLIDE-HOME1-1.jpg\" class=\"attachment-original size-original\" alt=\"\" srcset=\"https:\/\/c3-home.com\/wp-content\/uploads\/2024\/09\/SLIDE-HOME1-1.jpg 1900w, https:\/\/c3-home.com\/wp-content\/uploads\/2024\/09\/SLIDE-HOME1-1-300x169.jpg 300w, https:\/\/c3-home.com\/wp-content\/uploads\/2024\/09\/SLIDE-HOME1-1-1024x576.jpg 1024w, https:\/\/c3-home.com\/wp-content\/uploads\/2024\/09\/SLIDE-HOME1-1-768x432.jpg 768w, https:\/\/c3-home.com\/wp-content\/uploads\/2024\/09\/SLIDE-HOME1-1-1536x864.jpg 1536w\" sizes=\"auto, (max-width: 1900px) 100vw, 1900px\" \/>\t\t\t\t\t\t\n\t\t\t\t\t<\/div>\n\t\t\t\t\t\t\t\t\n<style>\n#image_1045187353 {\n  width: 100%;\n}\n<\/style>\n\t<\/div>\n\t\n\t<div class=\"img has-hover img01 x md-x lg-x y md-y lg-y\" id=\"image_1347686151\">\n\t\t\t\t\t\t\t\t<div class=\"img-inner image-cover dark\" style=\"padding-top:100%;\">\n\t\t\t<img loading=\"lazy\" decoding=\"async\" width=\"826\" height=\"550\" src=\"https:\/\/c3-home.com\/wp-content\/uploads\/2022\/11\/biet-thu-20211115081634.jpg\" class=\"attachment-original size-original\" alt=\"\" srcset=\"https:\/\/c3-home.com\/wp-content\/uploads\/2022\/11\/biet-thu-20211115081634.jpg 826w, https:\/\/c3-home.com\/wp-content\/uploads\/2022\/11\/biet-thu-20211115081634-300x200.jpg 300w, https:\/\/c3-home.com\/wp-content\/uploads\/2022\/11\/biet-thu-20211115081634-768x511.jpg 768w\" sizes=\"auto, (max-width: 826px) 100vw, 826px\" \/>\t\t\t\t\t\t\n\t\t\t\t\t<\/div>\n\t\t\t\t\t\t\t\t\n<style>\n#image_1347686151 {\n  width: 100%;\n}\n<\/style>\n\t<\/div>\n\t\n\t\t<\/div>\n\t\t\t\t\t<\/div>\n\n\t\n<\/div>\n<div class=\"row\"  id=\"row-1985239144\">\n\n\t<div id=\"col-414132755\" class=\"col small-12 large-12\"  >\n\t\t\t\t<div class=\"col-inner\"  >\n\t\t\t\n\t\t\t\n<p>Trong su\u1ed1t g\u1ea7n 10 n\u0103m k\u1ec3 t\u1eeb khi b\u1eaft tay v\u00e0o g\u1ea7y d\u1ef1ng \u0111\u1ed9i ng\u0169, SBS \u0111\u00e3 tr\u1ea3i qua r\u1ea5t nhi\u1ec1u kh\u00f3 kh\u0103n. T\u1eeb nh\u1eefng kh\u00f3 kh\u0103n v\u1ec1 vi\u1ec7c \u201cd\u00f2 \u0111\u01b0\u1eddng\u201d, t\u00ecm ki\u1ebfm kh\u00e1ch h\u00e0ng \u1edf \u201cbu\u1ed5i s\u01a1 khai\u201d \u0111\u1ebfn h\u00f4m nay l\u00e0 nh\u1eefng kh\u00f3 kh\u0103n, th\u1eed th\u00e1ch v\u1ec1 vi\u1ec7c ph\u00e1t tri\u1ec3n \u0111\u1ed9i ng\u0169. Tuy nhi\u00ean, c\u00e1c Founders kh\u00f4ng ng\u1ea1i th\u1eed th\u00e1ch. Tr\u00e1ch nhi\u1ec7m v\u1edbi ng\u01b0\u1eddi th\u00e2n, gia \u0111\u00ecnh ban \u0111\u1ea7u \u0111\u00e3 \u0111\u01b0\u1ee3c m\u1edf r\u1ed9ng ra th\u00e0nh tr\u00e1ch nhi\u1ec7m v\u1edbi m\u1ecdi ng\u01b0\u1eddi xung quanh. \u0110\u00f3 l\u00e0 tr\u00e1ch nhi\u1ec7m mang t\u1edbi s\u1ea3n ph\u1ea9m ch\u1ea5t l\u01b0\u1ee3ng nh\u1ea5t cho kh\u00e1ch h\u00e0ng; tr\u00e1ch nhi\u1ec7m h\u1ed7 tr\u1ee3, gi\u00fap \u0111\u1ee1 c\u1ed9ng \u0111\u1ed3ng SBS c\u00f3 c\u00f4ng vi\u1ec7c t\u1ed1t v\u00e0 \u0111\u01b0\u1ee3c ph\u00e1t tri\u1ec3n, n\u00e2ng t\u1ea7m b\u1ea3n th\u00e2n m\u1ed7i ng\u00e0y.\u00a0<\/p>\n<p>SBS HOUSE ph\u1ea3i v\u01b0\u01a1n l\u00ean v\u00e0 l\u1edbn m\u1ea1nh h\u01a1n n\u1eefa. Ch\u00fang t\u00f4i tin r\u1eb1ng, c\u00e0ng nhi\u1ec1u kh\u00e1ch h\u00e0ng, \u0111\u1ed1i t\u00e1c bi\u1ebft v\u00e0 l\u00e0m vi\u1ec7c v\u1edbi ch\u00fang t\u00f4i, th\u00ec gi\u00e1 tr\u1ecb t\u1ed1t \u0111\u1eb9p c\u1ee7a SBS s\u1ebd c\u00e0ng \u0111\u01b0\u1ee3c lan t\u1ecfa nhi\u1ec1u h\u01a1n.\u00a0<\/p>\n<h2><b>1. S\u1ee9 m\u1ec7nh SBS\u00a0<\/b><\/h2>\n<p>Th\u1ecb tr\u01b0\u1eddng x\u00e2y d\u1ef1ng \u0111ang \u0111\u01b0\u1ee3c \u0111\u00e1nh gi\u00e1 l\u00e0 c\u00f3 quy m\u00f4 v\u00e0 dung l\u01b0\u1ee3ng ng\u00e0y c\u00e0ng l\u1edbn. Nhu c\u1ea7u Thi\u1ebft k\u1ebf v\u00e0 Thi c\u00f4ng tr\u1ecdn g\u00f3i c\u0169ng ng\u00e0y c\u00e0ng t\u0103ng. K\u00e9o theo vi\u1ec7c ra \u0111\u1eddi c\u1ee7a c\u00e1c c\u00f4ng ty x\u00e2y d\u1ef1ng hay ki\u1ebfn tr\u00fac c\u00e0ng nhi\u1ec1u. Tuy nhi\u00ean, vi\u1ec7c t\u0103ng v\u1ec1 s\u1ed1 l\u01b0\u1ee3ng kh\u00f4ng \u0111\u1ed3ng ngh\u0129a v\u1edbi ch\u1ea5t l\u01b0\u1ee3ng v\u00e0 uy t\u00edn \u0111\u1ee7 \u0111\u1ec3 kh\u00e1ch h\u00e0ng c\u00f3 th\u1ec3 tin t\u01b0\u1edfng l\u1ef1a ch\u1ecdn. Ng\u01b0\u1ee3c l\u1ea1i c\u00f2n khi\u1ebfn h\u1ecd th\u1ef1c s\u1ef1 b\u1ed1i r\u1ed1i khi ch\u1ecdn \u0111\u01a1n v\u1ecb thi c\u00f4ng cho c\u0103n nh\u00e0 c\u1ee7a m\u00ecnh.\u00a0<\/p>\n<p>B\u00ean c\u1ea1nh \u0111\u00f3, th\u1ef1c tr\u1ea1ng c\u00e1c c\u00f4ng tr\u00ecnh nh\u00e0 ph\u1ed1 b\u1ecb th\u1ea5m d\u1ed9t, n\u1ee9t t\u01b0\u1eddng, l\u00fan m\u00f3ng, th\u1ea9m m\u1ef9 k\u00e9m; kh\u1ea3 n\u0103ng l\u1ea5y s\u00e1ng, \u0111\u1ed1i l\u01b0u kh\u00f4ng kh\u00ed kh\u00f4ng \u0111\u1ea3m b\u1ea3o\u2026 c\u0169ng tr\u1edf n\u00ean kh\u00e1 nhi\u1ec1u. C\u1ee5 th\u1ec3 l\u00e0 m\u00f9a m\u01b0a n\u0103m 2020 t\u1ea1i khu v\u1ef1c H\u00f2a Xu\u00e2n \u2013 \u0110\u00e0 N\u1eb5ng l\u00ean t\u1edbi 80-90%. Hi\u1ec3u \u0111\u01b0\u1ee3c n\u1ed7i \u0111au \u0111\u00f3, SBS HOUSE \u0111\u00e3 \u0111\u01b0\u1ee3c sinh ra v\u1edbi s\u1ee9 m\u1ec7nh\u00a0<b>mang l\u1ea1i m\u1ed9t th\u01b0\u01a1ng hi\u1ec7u Thi\u1ebft k\u1ebf &amp; Thi c\u00f4ng uy t\u00edn \u0111\u1ec3 kh\u00e1ch h\u00e0ng trao g\u1eedi ni\u1ec1m tin. Mang l\u1ea1i cu\u1ed9c s\u1ed1ng h\u1ea1nh ph\u00fac, \u0111\u1ee7 \u0111\u1ea7y cho c\u1ed9ng \u0111\u1ed3ng SBS.<\/b><\/p>\n<p>S\u1ee9 m\u1ec7nh c\u1ee7a SBS HOUSE l\u00e0 mang \u0111\u1ebfn cho kh\u00e1ch h\u00e0ng m\u1ed9t kh\u00f4ng gian s\u1ed1ng hi\u1ec7n \u0111\u1ea1i, th\u00f4ng tho\u00e1ng, ti\u1ec7n nghi \u0111\u1ec3 gia \u0111\u00ecnh c\u00f3 m\u1ed9t t\u1ed5 \u1ea5m ki\u00ean c\u1ed1 v\u00e0 b\u1ec1n v\u1eefng.\u00a0<\/p>\n<p>SBS \u2013 Sustainable Building Solutions: mang l\u1ea1i nh\u1eefng gi\u1ea3i ph\u00e1p x\u00e2y d\u1ef1ng b\u1ec1n v\u1eefng\u00a0<\/p>\n<p>SBS \u2013 Simple But Significant: \u0111\u01a1n gi\u1ea3n m\u00e0 tinh t\u1ebf.<\/p>\n<h2><b>2. T\u1ea7m nh\u00ecn SBS\u00a0<\/b><\/h2>\n<p><strong>+ N\u0103m 2025:<\/strong><\/p>\n<p>Tr\u1edf th\u00e0nh c\u00f4ng ty TOP 1 t\u1ea1i \u0110\u00e0 N\u1eb5ng trong l\u0129nh v\u1ef1c thi\u1ebft k\u1ebf v\u00e0 thi c\u00f4ng. Doanh thu c\u00e1n m\u1ed1c &gt; 400 t\u1ef7. C\u1ed9ng \u0111\u1ed3ng SBS c\u00f3 cu\u1ed9c s\u1ed1ng h\u1ea1nh ph\u00fac v\u00e0 \u0111\u1ee7 \u0111\u1ea7y.\u00a0<\/p>\n<p><strong>+ N\u0103m 2028:\u00a0<\/strong><\/p>\n<p>Tr\u1edf th\u00e0nh c\u00f4ng ty TOP 1 t\u1ea1i mi\u1ec1n Trung. Doanh thu c\u00e1n m\u1ed1c &gt; 1000 t\u1ef7. C\u1ed9ng \u0111\u1ed3ng SBS c\u00f3 cu\u1ed9c s\u1ed1ng h\u1ea1nh ph\u00fac v\u00e0 \u0111\u1ee7 \u0111\u1ea7y.<\/p>\n<h2><b>3. Gi\u00e1 tr\u1ecb c\u1ed1t l\u00f5i\u00a0<\/b><\/h2>\n<p>Trung th\u1ef1c \u2013 S\u00e1ng t\u1ea1o \u2013 T\u1eadn t\u00e2m \u2013 K\u1ef7 lu\u1eadt \u2013 Y\u00eau th\u01b0\u01a1ng l\u00e0 nh\u1eefng gi\u00e1 tr\u1ecb c\u1ed1t l\u00f5i m\u00e0 SBS HOUSE g\u1ea7y d\u1ef1ng cho \u0111\u1ed9i ng\u0169. V\u00ec ch\u00fang t\u00f4i tin r\u1eb1ng, khi s\u1edf h\u1eefu nh\u1eefng gi\u00e1 tr\u1ecb n\u00e0y th\u00ec ch\u00fang t\u00f4i s\u1ebd th\u00e0nh c\u00f4ng trong m\u1ecdi s\u1ea3n ph\u1ea9m, d\u1ecbch v\u1ee5 v\u00e0 t\u1ef1 tin mang \u0111\u1ebfn \u0111i\u1ec1u t\u1ed1t nh\u1ea5t cho kh\u00e1ch h\u00e0ng. Trung th\u1ef1c, t\u1eadn t\u00e2m trong th\u01b0\u01a1ng th\u1ea3o, s\u00e1ng t\u1ea1o trong m\u1ecdi s\u1ea3n ph\u1ea9m, y\u00eau th\u01b0\u01a1ng v\u00e0 coi c\u00f4ng tr\u00ecnh c\u1ee7a kh\u00e1ch h\u00e0ng nh\u01b0 c\u1ee7a ch\u00ednh m\u00ecnh. V\u00e0 k\u1ef7 lu\u1eadt \u0111\u1ec3 k\u1ecbp ti\u1ebfn \u0111\u1ed9 d\u00f9 trong b\u1ea5t c\u1ee9 ho\u00e0n c\u1ea3nh n\u00e0o.<\/p>\n\t\t<\/div>\n\t\t\t\t\t<\/div>\n\n\t\n<\/div>\n\t\t<\/div>\n\n\t\t\n<style>\n#section_1799064263 {\n  padding-top: 40px;\n  padding-bottom: 40px;\n}\n<\/style>\n\t<\/section>\n\t\n","protected":false},"excerpt":{"rendered":"","protected":false},"author":1,"featured_media":0,"parent":0,"menu_order":0,"comment_status":"closed","ping_status":"closed","template":"page-blank.php","meta":{"inline_featured_image":false,"footnotes":""},"class_list":["post-28","page","type-page","status-publish","hentry"],"_links":{"self":[{"href":"https:\/\/c3-home.com\/index.php?rest_route=\/wp\/v2\/pages\/28","targetHints":{"allow":["GET"]}}],"collection":[{"href":"https:\/\/c3-home.com\/index.php?rest_route=\/wp\/v2\/pages"}],"about":[{"href":"https:\/\/c3-home.com\/index.php?rest_route=\/wp\/v2\/types\/page"}],"author":[{"embeddable":true,"href":"https:\/\/c3-home.com\/index.php?rest_route=\/wp\/v2\/users\/1"}],"replies":[{"embeddable":true,"href":"https:\/\/c3-home.com\/index.php?rest_route=%2Fwp%2Fv2%2Fcomments&post=28"}],"version-history":[{"count":5,"href":"https:\/\/c3-home.com\/index.php?rest_route=\/wp\/v2\/pages\/28\/revisions"}],"predecessor-version":[{"id":1546,"href":"https:\/\/c3-home.com\/index.php?rest_route=\/wp\/v2\/pages\/28\/revisions\/1546"}],"wp:attachment":[{"href":"https:\/\/c3-home.com\/index.php?rest_route=%2Fwp%2Fv2%2Fmedia&parent=28"}],"curies":[{"name":"wp","href":"https:\/\/api.w.org\/{rel}","templated":true}]}}